{"id":953,"date":"2024-05-13T15:07:49","date_gmt":"2024-05-13T12:07:49","guid":{"rendered":"https:\/\/bidergi.bahcelievler.istanbul\/?page_id=953"},"modified":"2024-05-13T15:11:07","modified_gmt":"2024-05-13T12:11:07","slug":"bidergi-12-sayi","status":"publish","type":"page","link":"https:\/\/bidergi.bahcelievler.istanbul\/?page_id=953","title":{"rendered":"biDERG\u0130 &#8220;12. say\u0131&#8221;"},"content":{"rendered":"\n<div class=\"wp-block-columns is-layout-flex wp-container-core-columns-is-layout-9d6595d7 wp-block-columns-is-layout-flex\">\n<div class=\"wp-block-column is-layout-flow wp-block-column-is-layout-flow\" style=\"flex-basis:100%\">\n<div class=\"wp-block-columns is-layout-flex wp-container-core-columns-is-layout-9d6595d7 wp-block-columns-is-layout-flex\">\n<div class=\"wp-block-column is-layout-flow wp-block-column-is-layout-flow\" style=\"flex-basis:100%\"><div class=\"wp-block-image\">\n<figure class=\"aligncenter size-large\"><img loading=\"lazy\" decoding=\"async\" width=\"1024\" height=\"166\" src=\"https:\/\/bidergi.bahcelievler.istanbul\/wp-content\/uploads\/2024\/05\/biDergi-Sayi-12-site-kapak-2560x416px-10052024-01-1024x166.png\" alt=\"\" class=\"wp-image-954\" srcset=\"https:\/\/bidergi.bahcelievler.istanbul\/wp-content\/uploads\/2024\/05\/biDergi-Sayi-12-site-kapak-2560x416px-10052024-01-1024x166.png 1024w, https:\/\/bidergi.bahcelievler.istanbul\/wp-content\/uploads\/2024\/05\/biDergi-Sayi-12-site-kapak-2560x416px-10052024-01-300x49.png 300w, https:\/\/bidergi.bahcelievler.istanbul\/wp-content\/uploads\/2024\/05\/biDergi-Sayi-12-site-kapak-2560x416px-10052024-01-768x125.png 768w, https:\/\/bidergi.bahcelievler.istanbul\/wp-content\/uploads\/2024\/05\/biDergi-Sayi-12-site-kapak-2560x416px-10052024-01-1536x250.png 1536w, https:\/\/bidergi.bahcelievler.istanbul\/wp-content\/uploads\/2024\/05\/biDergi-Sayi-12-site-kapak-2560x416px-10052024-01-2048x333.png 2048w, https:\/\/bidergi.bahcelievler.istanbul\/wp-content\/uploads\/2024\/05\/biDergi-Sayi-12-site-kapak-2560x416px-10052024-01-24x4.png 24w, https:\/\/bidergi.bahcelievler.istanbul\/wp-content\/uploads\/2024\/05\/biDergi-Sayi-12-site-kapak-2560x416px-10052024-01-36x6.png 36w, https:\/\/bidergi.bahcelievler.istanbul\/wp-content\/uploads\/2024\/05\/biDergi-Sayi-12-site-kapak-2560x416px-10052024-01-48x8.png 48w\" sizes=\"auto, (max-width: 1024px) 100vw, 1024px\" \/><\/figure>\n<\/div><\/div>\n<\/div>\n\n\n<div class=\"wp-block-image\">\n<figure class=\"aligncenter size-full\"><a href=\" http:\/\/link.bahcelievler.ist\/A707ACDD\"><img loading=\"lazy\" decoding=\"async\" width=\"253\" height=\"80\" src=\"https:\/\/bidergi.bahcelievler.istanbul\/wp-content\/uploads\/2023\/05\/indir.png\" alt=\"\" class=\"wp-image-786\" srcset=\"https:\/\/bidergi.bahcelievler.istanbul\/wp-content\/uploads\/2023\/05\/indir.png 253w, https:\/\/bidergi.bahcelievler.istanbul\/wp-content\/uploads\/2023\/05\/indir-24x8.png 24w, https:\/\/bidergi.bahcelievler.istanbul\/wp-content\/uploads\/2023\/05\/indir-36x11.png 36w, https:\/\/bidergi.bahcelievler.istanbul\/wp-content\/uploads\/2023\/05\/indir-48x15.png 48w\" sizes=\"auto, (max-width: 253px) 100vw, 253px\" \/><\/a><\/figure>\n<\/div><\/div>\n<\/div>\n\n\n\n<p><\/p>\n\n\n\n<div class=\"wp-block-group\"><div class=\"wp-block-group__inner-container is-layout-flow wp-block-group-is-layout-flow\">\n<h1 class=\"wp-block-heading has-text-color\" id=\"bahcelievler-bidergi-3-sayi-cikti\" style=\"color:#1e7c43\">Bah\u00e7elievler biDERG\u0130 &#8220;12. say\u0131&#8221; \u00e7\u0131kt\u0131<\/h1>\n\n\n\n<p class=\"has-text-color has-medium-font-size\" style=\"color:#1e7c43\"><strong>biDergi<\/strong> &#8211; 2024<\/p>\n<\/div><\/div>\n\n\n\n<pre class=\"wp-block-code\"><code><\/code><\/pre>\n\n\n\n<div class=\"wp-block-columns is-layout-flex wp-container-core-columns-is-layout-9d6595d7 wp-block-columns-is-layout-flex\">\n<div class=\"wp-block-column alignfull is-layout-flow wp-block-column-is-layout-flow\" style=\"flex-basis:100%\">\n<figure class=\"wp-block-image size-large is-resized is-style-default bitki\"><img loading=\"lazy\" decoding=\"async\" width=\"548\" height=\"213\" src=\"https:\/\/bidergi.bahcelievler.istanbul\/wp-content\/uploads\/2021\/07\/Bitkipng.png\" alt=\"\" class=\"wp-image-204\" style=\"width:406px;height:auto\" srcset=\"https:\/\/bidergi.bahcelievler.istanbul\/wp-content\/uploads\/2021\/07\/Bitkipng.png 548w, https:\/\/bidergi.bahcelievler.istanbul\/wp-content\/uploads\/2021\/07\/Bitkipng-300x117.png 300w, https:\/\/bidergi.bahcelievler.istanbul\/wp-content\/uploads\/2021\/07\/Bitkipng-24x9.png 24w, https:\/\/bidergi.bahcelievler.istanbul\/wp-content\/uploads\/2021\/07\/Bitkipng-36x14.png 36w, https:\/\/bidergi.bahcelievler.istanbul\/wp-content\/uploads\/2021\/07\/Bitkipng-48x19.png 48w\" sizes=\"auto, (max-width: 548px) 100vw, 548px\" \/><\/figure>\n<\/div>\n<\/div>\n\n\n\n<div class=\"wp-block-columns alignfull is-layout-flex wp-container-core-columns-is-layout-9d6595d7 wp-block-columns-is-layout-flex\">\n<div class=\"wp-block-column alignfull is-layout-flow wp-block-column-is-layout-flow\" style=\"flex-basis:100%\"><ul id=\"menu-auto-menu-from-pages\" class=\"menu dergi-menu aligncenter\"><li id=\"menu-item-915\" class=\"menu-item menu-item-type-post_type menu-item-object-page menu-item-915\"><a href=\"https:\/\/bidergi.bahcelievler.istanbul\/?page_id=596\">biDERG\u0130 &#8220;2 say\u0131&#8221;<\/a><\/li>\n<li id=\"menu-item-917\" class=\"menu-item menu-item-type-post_type menu-item-object-page menu-item-917\"><a href=\"https:\/\/bidergi.bahcelievler.istanbul\/?page_id=35\">biDERG\u0130 &#8220;1 say\u0131&#8221;<\/a><\/li>\n<li id=\"menu-item-666\" class=\"menu-item menu-item-type-post_type menu-item-object-page menu-item-666\"><a href=\"https:\/\/bidergi.bahcelievler.istanbul\/?page_id=650\">biDERG\u0130 &#8220;3 say\u0131&#8221;<\/a><\/li>\n<li id=\"menu-item-919\" class=\"menu-item menu-item-type-post_type menu-item-object-page menu-item-919\"><a href=\"https:\/\/bidergi.bahcelievler.istanbul\/?page_id=671\">biDERG\u0130 &#8220;3 say\u0131&#8221;<\/a><\/li>\n<li id=\"menu-item-921\" class=\"menu-item menu-item-type-post_type menu-item-object-page menu-item-921\"><a href=\"https:\/\/bidergi.bahcelievler.istanbul\/?page_id=673\">biDERG\u0130 &#8220;4 say\u0131&#8221;<\/a><\/li>\n<li id=\"menu-item-923\" class=\"menu-item menu-item-type-post_type menu-item-object-page menu-item-923\"><a href=\"https:\/\/bidergi.bahcelievler.istanbul\/?page_id=686\">biDERG\u0130 &#8220;5 say\u0131&#8221;<\/a><\/li>\n<li id=\"menu-item-925\" class=\"menu-item menu-item-type-post_type menu-item-object-page menu-item-925\"><a href=\"https:\/\/bidergi.bahcelievler.istanbul\/?page_id=821\">biDERG\u0130 &#8220;6 say\u0131&#8221;<\/a><\/li>\n<li id=\"menu-item-927\" class=\"menu-item menu-item-type-post_type menu-item-object-page menu-item-927\"><a href=\"https:\/\/bidergi.bahcelievler.istanbul\/?page_id=839\">biDERG\u0130 &#8220;8 say\u0131&#8221;<\/a><\/li>\n<li id=\"menu-item-929\" class=\"menu-item menu-item-type-post_type menu-item-object-page menu-item-929\"><a href=\"https:\/\/bidergi.bahcelievler.istanbul\/?page_id=846\">biDERG\u0130 &#8220;7 say\u0131&#8221;<\/a><\/li>\n<li id=\"menu-item-931\" class=\"menu-item menu-item-type-post_type menu-item-object-page menu-item-931\"><a href=\"https:\/\/bidergi.bahcelievler.istanbul\/?page_id=769\">biDERG\u0130 &#8220;9. say\u0131&#8221;<\/a><\/li>\n<li id=\"menu-item-933\" class=\"menu-item menu-item-type-post_type menu-item-object-page menu-item-933\"><a href=\"https:\/\/bidergi.bahcelievler.istanbul\/?page_id=878\">biDERG\u0130 &#8220;10. say\u0131&#8221;<\/a><\/li>\n<li id=\"menu-item-935\" class=\"menu-item menu-item-type-post_type menu-item-object-page menu-item-935\"><a href=\"https:\/\/bidergi.bahcelievler.istanbul\/?page_id=907\">biDERG\u0130 &#8220;11. say\u0131&#8221;<\/a><\/li>\n<li id=\"menu-item-1004\" class=\"menu-item menu-item-type-post_type menu-item-object-page menu-item-1004\"><a href=\"https:\/\/bidergi.bahcelievler.istanbul\/?page_id=953\">biDERG\u0130 &#8220;12. say\u0131&#8221;<\/a><\/li>\n<li id=\"menu-item-1006\" class=\"menu-item menu-item-type-post_type menu-item-object-page menu-item-1006\"><a href=\"https:\/\/bidergi.bahcelievler.istanbul\/?page_id=960\">biDERG\u0130 &#8220;13. say\u0131&#8221;<\/a><\/li>\n<li id=\"menu-item-1008\" class=\"menu-item menu-item-type-post_type menu-item-object-page menu-item-1008\"><a href=\"https:\/\/bidergi.bahcelievler.istanbul\/?page_id=983\">biDERG\u0130 &#8220;14. say\u0131&#8221;<\/a><\/li>\n<\/ul>\n<\/div>\n<\/div>\n\n\n\n<p class=\"has-text-color has-medium-font-size\" style=\"color:#1e7c43\"><strong>biSe\u00e7im<\/strong> &#8211; Yeniden Dr. Hakan Bahad\u0131r ve Vaatleri<\/p>\n\n\n\n<iframe loading=\"lazy\" width=\"944\" height=\"531\" src=\"https:\/\/www.youtube.com\/embed\/iv3kHyZT7X4\" title=\"biSE\u00c7\u0130M  - Yeniden Dr. Hakan Bahad\u0131r ve vaatleri\" frameborder=\"0\" allow=\"accelerometer; autoplay; clipboard-write; encrypted-media; gyroscope; picture-in-picture; web-share\" referrerpolicy=\"strict-origin-when-cross-origin\" allowfullscreen><\/iframe>\n\n\n\n<div class=\"wp-block-columns alignfull is-layout-flex wp-container-core-columns-is-layout-9d6595d7 wp-block-columns-is-layout-flex\">\n<div class=\"wp-block-column is-vertically-aligned-center is-layout-flow wp-block-column-is-layout-flow\" style=\"flex-basis:100%\">\n<hr class=\"wp-block-separator has-text-color has-nv-dark-bg-color has-css-opacity has-nv-dark-bg-background-color has-background alignfull is-style-wide\"\/>\n<\/div>\n<\/div>\n\n\n\n<div class=\"wp-block-group alignfull\"><div class=\"wp-block-group__inner-container is-layout-flow wp-block-group-is-layout-flow\">\n<p class=\"has-text-color has-medium-font-size\" style=\"color:#1e7c43\"><strong>bi\u00dcnl\u00fc<\/strong> &#8211; Dijital Baba &#8211; Orhan Toker<\/p>\n\n\n<p><iframe loading=\"lazy\" width=\"944\" height=\"531\" src=\"https:\/\/www.youtube.com\/embed\/llMR9g1sPdc\" title=\"bi\u00dcNL\u00dc - Dijital Baba -  Orhan Toker\" frameborder=\"0\" allow=\"accelerometer; autoplay; clipboard-write; encrypted-media; gyroscope; picture-in-picture; web-share\" referrerpolicy=\"strict-origin-when-cross-origin\" allowfullscreen><\/iframe><\/p>\n\n\n\n<div class=\"wp-block-columns alignfull is-layout-flex wp-container-core-columns-is-layout-9d6595d7 wp-block-columns-is-layout-flex\">\n<div class=\"wp-block-column is-vertically-aligned-center is-layout-flow wp-block-column-is-layout-flow\" style=\"flex-basis:100%\">\n<hr class=\"wp-block-separator has-text-color has-nv-dark-bg-color has-css-opacity has-nv-dark-bg-background-color has-background alignfull is-style-wide\"\/>\n<\/div>\n<\/div>\n<\/div><\/div>\n\n\n\n<div class=\"wp-block-group alignfull\"><div class=\"wp-block-group__inner-container is-layout-flow wp-block-group-is-layout-flow\">\n<p class=\"has-text-color has-medium-font-size\" style=\"color:#1e7c43\"><strong>biGelenek<\/strong> &#8211; Sedef Ustas\u0131 Hilmi Emekli<\/p>\n\n\n<p><iframe loading=\"lazy\" width=\"944\" height=\"531\" src=\"https:\/\/www.youtube.com\/embed\/T86zgpARt1M\" title=\"biGELENEK  - Sedef Ustas\u0131 Hilmi Emekli\" frameborder=\"0\" allow=\"accelerometer; autoplay; clipboard-write; encrypted-media; gyroscope; picture-in-picture; web-share\" referrerpolicy=\"strict-origin-when-cross-origin\" allowfullscreen><\/iframe><\/p>\n\n\n\n<div class=\"wp-block-columns alignfull is-layout-flex wp-container-core-columns-is-layout-9d6595d7 wp-block-columns-is-layout-flex\">\n<div class=\"wp-block-column is-vertically-aligned-center is-layout-flow wp-block-column-is-layout-flow\" style=\"flex-basis:100%\">\n<hr class=\"wp-block-separator has-text-color has-nv-dark-bg-color has-css-opacity has-nv-dark-bg-background-color has-background alignfull is-style-wide\"\/>\n<\/div>\n<\/div>\n<\/div><\/div>\n\n\n\n<div class=\"wp-block-group alignfull\"><div class=\"wp-block-group__inner-container is-layout-flow wp-block-group-is-layout-flow\">\n<p class=\"has-text-color has-medium-font-size\" style=\"color:#1e7c43\"><strong>biTarih<\/strong> &#8211; Yazar Mustafa Arma\u011fan<\/p>\n\n\n<p><iframe loading=\"lazy\" width=\"944\" height=\"531\" src=\"https:\/\/www.youtube.com\/embed\/qJD1vH1SwYA\" title=\"biTAR\u0130H  - Yazar Mustafa Arma\u011fan\" frameborder=\"0\" allow=\"accelerometer; autoplay; clipboard-write; encrypted-media; gyroscope; picture-in-picture; web-share\" referrerpolicy=\"strict-origin-when-cross-origin\" allowfullscreen><\/iframe><\/p>\n\n\n\n<div class=\"wp-block-columns alignfull is-layout-flex wp-container-core-columns-is-layout-9d6595d7 wp-block-columns-is-layout-flex\">\n<div class=\"wp-block-column is-vertically-aligned-center is-layout-flow wp-block-column-is-layout-flow\" style=\"flex-basis:100%\">\n<hr class=\"wp-block-separator has-text-color has-nv-dark-bg-color has-css-opacity has-nv-dark-bg-background-color has-background alignfull is-style-wide\"\/>\n<\/div>\n<\/div>\n<\/div><\/div>\n\n\n\n<div class=\"wp-block-group alignfull\"><div class=\"wp-block-group__inner-container is-layout-flow wp-block-group-is-layout-flow\">\n<p class=\"has-text-color has-medium-font-size\" style=\"color:#1e7c43\"><strong>biYemek <\/strong>&#8211; \u015e\u0131ll\u0131k Tatl\u0131s\u0131<\/p>\n\n\n<p><iframe loading=\"lazy\" width=\"944\" height=\"531\" src=\"https:\/\/www.youtube.com\/embed\/RodxSK3fYdA\" title=\"b\u0130YEMEK  - \u015e\u0131ll\u0131k Tatl\u0131s\u0131\" frameborder=\"0\" allow=\"accelerometer; autoplay; clipboard-write; encrypted-media; gyroscope; picture-in-picture; web-share\" referrerpolicy=\"strict-origin-when-cross-origin\" allowfullscreen><\/iframe><\/p>\n\n\n\n<div class=\"wp-block-columns alignfull is-layout-flex wp-container-core-columns-is-layout-9d6595d7 wp-block-columns-is-layout-flex\">\n<div class=\"wp-block-column is-vertically-aligned-center is-layout-flow wp-block-column-is-layout-flow\" style=\"flex-basis:100%\">\n<hr class=\"wp-block-separator has-text-color has-nv-dark-bg-color has-css-opacity has-nv-dark-bg-background-color has-background alignfull is-style-wide\"\/>\n<\/div>\n<\/div>\n<\/div><\/div>\n\n\n\n<div class=\"wp-block-group alignfull\"><div class=\"wp-block-group__inner-container is-layout-flow wp-block-group-is-layout-flow\">\n<p class=\"has-text-color has-medium-font-size\" style=\"color:#1e7c43\"><strong>biYemek <\/strong>&#8211; Edirne Tava Ci\u011feri<\/p>\n\n\n<p><iframe loading=\"lazy\" width=\"944\" height=\"531\" src=\"https:\/\/www.youtube.com\/embed\/BM0PEuPf4nY\" title=\"biYEMEK  - Edirne Tava Ci\u011feri\" frameborder=\"0\" allow=\"accelerometer; autoplay; clipboard-write; encrypted-media; gyroscope; picture-in-picture; web-share\" referrerpolicy=\"strict-origin-when-cross-origin\" allowfullscreen><\/iframe><\/p>\n\n\n\n<div class=\"wp-block-columns alignfull is-layout-flex wp-container-core-columns-is-layout-9d6595d7 wp-block-columns-is-layout-flex\">\n<div class=\"wp-block-column is-vertically-aligned-center is-layout-flow wp-block-column-is-layout-flow\" style=\"flex-basis:100%\">\n<hr class=\"wp-block-separator has-text-color has-nv-dark-bg-color has-css-opacity has-nv-dark-bg-background-color has-background alignfull is-style-wide\"\/>\n<\/div>\n<\/div>\n<\/div><\/div>\n\n\n\n<p><\/p>\n","protected":false},"excerpt":{"rendered":"<p>Bah\u00e7elievler biDERG\u0130 &#8220;12. say\u0131&#8221; \u00e7\u0131kt\u0131 biDergi &#8211; 2024 biSe\u00e7im &#8211; Yeniden Dr. Hakan Bahad\u0131r ve Vaatleri bi\u00dcnl\u00fc &#8211; Dijital Baba &#8211; Orhan Toker biGelenek &#8211; Sedef Ustas\u0131 Hilmi Emekli biTarih &#8211; Yazar Mustafa Arma\u011fan biYemek &#8211; \u015e\u0131ll\u0131k Tatl\u0131s\u0131 biYemek &#8211; Edirne Tava Ci\u011feri<\/p>\n","protected":false},"author":1,"featured_media":0,"parent":0,"menu_order":0,"comment_status":"closed","ping_status":"closed","template":"","meta":{"neve_meta_sidebar":"","neve_meta_container":"","neve_meta_enable_content_width":"","neve_meta_content_width":0,"neve_meta_title_alignment":"","neve_meta_author_avatar":"","neve_post_elements_order":"","neve_meta_disable_header":"","neve_meta_disable_footer":"","neve_meta_disable_title":"","footnotes":""},"class_list":["post-953","page","type-page","status-publish","hentry"],"_links":{"self":[{"href":"https:\/\/bidergi.bahcelievler.istanbul\/index.php?rest_route=\/wp\/v2\/pages\/953","targetHints":{"allow":["GET"]}}],"collection":[{"href":"https:\/\/bidergi.bahcelievler.istanbul\/index.php?rest_route=\/wp\/v2\/pages"}],"about":[{"href":"https:\/\/bidergi.bahcelievler.istanbul\/index.php?rest_route=\/wp\/v2\/types\/page"}],"author":[{"embeddable":true,"href":"https:\/\/bidergi.bahcelievler.istanbul\/index.php?rest_route=\/wp\/v2\/users\/1"}],"replies":[{"embeddable":true,"href":"https:\/\/bidergi.bahcelievler.istanbul\/index.php?rest_route=%2Fwp%2Fv2%2Fcomments&post=953"}],"version-history":[{"count":3,"href":"https:\/\/bidergi.bahcelievler.istanbul\/index.php?rest_route=\/wp\/v2\/pages\/953\/revisions"}],"predecessor-version":[{"id":958,"href":"https:\/\/bidergi.bahcelievler.istanbul\/index.php?rest_route=\/wp\/v2\/pages\/953\/revisions\/958"}],"wp:attachment":[{"href":"https:\/\/bidergi.bahcelievler.istanbul\/index.php?rest_route=%2Fwp%2Fv2%2Fmedia&parent=953"}],"curies":[{"name":"wp","href":"https:\/\/api.w.org\/{rel}","templated":true}]}}