{"id":37,"date":"2021-07-08T17:32:40","date_gmt":"2021-07-08T14:32:40","guid":{"rendered":"http:\/\/localhost:8080\/?page_id=37"},"modified":"2021-07-12T14:59:31","modified_gmt":"2021-07-12T11:59:31","slug":"bize-ulasin","status":"publish","type":"page","link":"https:\/\/bidergi.bahcelievler.istanbul\/?page_id=37","title":{"rendered":"\u0130leti\u015fim"},"content":{"rendered":"\n<figure class=\"wp-block-image alignwide size-large\"><img loading=\"lazy\" decoding=\"async\" width=\"1024\" height=\"674\" src=\"https:\/\/bidergi.bahcelievler.istanbul\/wp-content\/uploads\/2021\/07\/iletisimSayfaResmi-1-1024x674.jpg\" alt=\"\" class=\"wp-image-139\" srcset=\"https:\/\/bidergi.bahcelievler.istanbul\/wp-content\/uploads\/2021\/07\/iletisimSayfaResmi-1-1024x674.jpg 1024w, https:\/\/bidergi.bahcelievler.istanbul\/wp-content\/uploads\/2021\/07\/iletisimSayfaResmi-1-300x197.jpg 300w, https:\/\/bidergi.bahcelievler.istanbul\/wp-content\/uploads\/2021\/07\/iletisimSayfaResmi-1-768x505.jpg 768w, https:\/\/bidergi.bahcelievler.istanbul\/wp-content\/uploads\/2021\/07\/iletisimSayfaResmi-1-24x16.jpg 24w, https:\/\/bidergi.bahcelievler.istanbul\/wp-content\/uploads\/2021\/07\/iletisimSayfaResmi-1-36x24.jpg 36w, https:\/\/bidergi.bahcelievler.istanbul\/wp-content\/uploads\/2021\/07\/iletisimSayfaResmi-1-48x32.jpg 48w, https:\/\/bidergi.bahcelievler.istanbul\/wp-content\/uploads\/2021\/07\/iletisimSayfaResmi-1.jpg 1470w\" sizes=\"auto, (max-width: 1024px) 100vw, 1024px\" \/><\/figure>\n\n\n\n<div class=\"wp-block-columns is-layout-flex wp-container-core-columns-is-layout-9d6595d7 wp-block-columns-is-layout-flex\">\n<div class=\"wp-block-column iletisim-baslik is-layout-flow wp-block-column-is-layout-flow\">\n<h2 class=\"iletisim-title has-text-color has-huge-font-size wp-block-heading\" id=\"block-ae37baaa-2560-4d7e-acbf-b174d2d8281a\" style=\"color:#047620\">\u0130leti\u015fim<\/h2>\n\n\n\n<figure class=\"wp-block-image size-large is-style-default iletisim-bitki\"><img loading=\"lazy\" decoding=\"async\" width=\"548\" height=\"213\" src=\"https:\/\/bidergi.bahcelievler.istanbul\/wp-content\/uploads\/2021\/07\/Bitkipng.png\" alt=\"\" class=\"wp-image-204\" title=\"\" srcset=\"https:\/\/bidergi.bahcelievler.istanbul\/wp-content\/uploads\/2021\/07\/Bitkipng.png 548w, https:\/\/bidergi.bahcelievler.istanbul\/wp-content\/uploads\/2021\/07\/Bitkipng-300x117.png 300w, https:\/\/bidergi.bahcelievler.istanbul\/wp-content\/uploads\/2021\/07\/Bitkipng-24x9.png 24w, https:\/\/bidergi.bahcelievler.istanbul\/wp-content\/uploads\/2021\/07\/Bitkipng-36x14.png 36w, https:\/\/bidergi.bahcelievler.istanbul\/wp-content\/uploads\/2021\/07\/Bitkipng-48x19.png 48w\" sizes=\"auto, (max-width: 548px) 100vw, 548px\" \/><\/figure>\n\n\n\n<hr class=\"wp-block-separator is-style-wide\"\/>\n<\/div>\n<\/div>\n\n\n\n<div class=\"wp-block-columns alignwide are-vertically-aligned-top is-layout-flex wp-container-core-columns-is-layout-9d6595d7 wp-block-columns-is-layout-flex\">\n<div class=\"wp-block-column is-vertically-aligned-top iletisim-sutun is-layout-flow wp-block-column-is-layout-flow\" style=\"flex-basis:50%\">\n<p><strong>\u0130MT\u0130YAZ SAH\u0130B\u0130<\/strong><br>Bah\u00e7elievler Belediyesi Ad\u0131na<br>Dr. Hakan Bahad\u0131r<\/p>\n\n\n\n<p><strong>GENEL YAYIN Y\u00d6NETMEN\u0130<\/strong><br>Vehbi G\u00fcle\u015f<\/p>\n\n\n\n<p><strong>SORUMLU YAZI \u0130\u015eLER\u0130 M\u00dcD\u00dcR\u00dc<\/strong><br>Sinan Ayd\u0131n<\/p>\n\n\n\n<p><strong>DANI\u015eMA KURULU<\/strong><br>Do\u00e7.Dr. \u0130smail \u00c7a\u011flar<br>Do\u00e7.Dr. Yusuf \u00d6zk\u0131r<br>Do\u00e7.Dr. H\u00fcseyin Alptekin<br>Dr. Murat Karaca<\/p>\n\n\n\n<p><strong>BELED\u0130YE HABER VE FOTO\u011eRAFLAR<\/strong><br>Bah\u00e7elievler Belediye Bas\u0131n B\u00fcrosu<\/p>\n\n\n\n<p><strong>HAZIRLIK<\/strong><br>Advertica Creative<br>info@advertika.com.tr<br>0212 210 22 90<\/p>\n\n\n\n<p>Yerel s\u00fcresiz yay\u0131nd\u0131r. \u00dccretsizdir.<\/p>\n\n\n\n<p><strong>\u0130LET\u0130\u015e\u0130M<\/strong><br>Bah\u00e7elievler Belediyesi<br>Barbaros Cd. No:9 \u015eirinevler Mahallesi<br>Bah\u00e7elievler- \u0130stanbul<\/p>\n\n\n\n<p><strong>444 0 311<\/strong><\/p>\n\n\n\n<p>bidergibahcelievler@gmail.com<\/p>\n\n\n\n<p>\u00a9 \u0130lk defa bidergi Bah\u00e7elievler dergisinde yay\u0131nlanm\u0131\u015f telif, terc\u00fcme, r\u00f6portaj ve<br>derleme yaz\u0131lar ile g\u00f6rseller, k\u0131smen de kullan\u0131lsa kaynak belirtilmelidir.<\/p>\n<\/div>\n\n\n\n<div class=\"wp-block-column iletisim-sutun2 is-layout-flow wp-block-column-is-layout-flow\" style=\"flex-basis:50%\">\n<p class=\"has-normal-font-size\"><strong>Sosyal Medya<\/strong><\/p>\n\n\n\n<div class=\"wp-block-columns is-layout-flex wp-container-core-columns-is-layout-9d6595d7 wp-block-columns-is-layout-flex\">\n<div class=\"wp-block-column is-vertically-aligned-center is-layout-flow wp-block-column-is-layout-flow\">\n<ul class=\"wp-block-social-links alignleft has-icon-color has-icon-background-color is-style-default sosyal-medya-icons is-layout-flex wp-block-social-links-is-layout-flex\"><li style=\"color:var(--nv-site-bg);background-color:var(--nv-text-color);\" class=\"wp-social-link wp-social-link-facebook has-nv-site-bg-color has-neve-text-color-background-color wp-block-social-link\"><a rel=\"noopener nofollow\" target=\"_blank\" href=\"https:\/\/www.facebook.com\/bidergibahcelievler-110205978001616\/\" class=\"wp-block-social-link-anchor\"><svg width=\"24\" height=\"24\" viewBox=\"0 0 24 24\" version=\"1.1\" xmlns=\"http:\/\/www.w3.org\/2000\/svg\" aria-hidden=\"true\" focusable=\"false\"><path d=\"M12 2C6.5 2 2 6.5 2 12c0 5 3.7 9.1 8.4 9.9v-7H7.9V12h2.5V9.8c0-2.5 1.5-3.9 3.8-3.9 1.1 0 2.2.2 2.2.2v2.5h-1.3c-1.2 0-1.6.8-1.6 1.6V12h2.8l-.4 2.9h-2.3v7C18.3 21.1 22 17 22 12c0-5.5-4.5-10-10-10z\"><\/path><\/svg><span class=\"wp-block-social-link-label screen-reader-text\">Facebook<\/span><\/a><\/li>\n\n<li style=\"color:var(--nv-site-bg);background-color:var(--nv-text-color);\" class=\"wp-social-link wp-social-link-instagram has-nv-site-bg-color has-neve-text-color-background-color wp-block-social-link\"><a rel=\"noopener nofollow\" target=\"_blank\" href=\"https:\/\/www.instagram.com\/bidergibahcelievler\/\" class=\"wp-block-social-link-anchor\"><svg width=\"24\" height=\"24\" viewBox=\"0 0 24 24\" version=\"1.1\" xmlns=\"http:\/\/www.w3.org\/2000\/svg\" aria-hidden=\"true\" focusable=\"false\"><path d=\"M12,4.622c2.403,0,2.688,0.009,3.637,0.052c0.877,0.04,1.354,0.187,1.671,0.31c0.42,0.163,0.72,0.358,1.035,0.673 c0.315,0.315,0.51,0.615,0.673,1.035c0.123,0.317,0.27,0.794,0.31,1.671c0.043,0.949,0.052,1.234,0.052,3.637 s-0.009,2.688-0.052,3.637c-0.04,0.877-0.187,1.354-0.31,1.671c-0.163,0.42-0.358,0.72-0.673,1.035 c-0.315,0.315-0.615,0.51-1.035,0.673c-0.317,0.123-0.794,0.27-1.671,0.31c-0.949,0.043-1.233,0.052-3.637,0.052 s-2.688-0.009-3.637-0.052c-0.877-0.04-1.354-0.187-1.671-0.31c-0.42-0.163-0.72-0.358-1.035-0.673 c-0.315-0.315-0.51-0.615-0.673-1.035c-0.123-0.317-0.27-0.794-0.31-1.671C4.631,14.688,4.622,14.403,4.622,12 s0.009-2.688,0.052-3.637c0.04-0.877,0.187-1.354,0.31-1.671c0.163-0.42,0.358-0.72,0.673-1.035 c0.315-0.315,0.615-0.51,1.035-0.673c0.317-0.123,0.794-0.27,1.671-0.31C9.312,4.631,9.597,4.622,12,4.622 M12,3 C9.556,3,9.249,3.01,8.289,3.054C7.331,3.098,6.677,3.25,6.105,3.472C5.513,3.702,5.011,4.01,4.511,4.511 c-0.5,0.5-0.808,1.002-1.038,1.594C3.25,6.677,3.098,7.331,3.054,8.289C3.01,9.249,3,9.556,3,12c0,2.444,0.01,2.751,0.054,3.711 c0.044,0.958,0.196,1.612,0.418,2.185c0.23,0.592,0.538,1.094,1.038,1.594c0.5,0.5,1.002,0.808,1.594,1.038 c0.572,0.222,1.227,0.375,2.185,0.418C9.249,20.99,9.556,21,12,21s2.751-0.01,3.711-0.054c0.958-0.044,1.612-0.196,2.185-0.418 c0.592-0.23,1.094-0.538,1.594-1.038c0.5-0.5,0.808-1.002,1.038-1.594c0.222-0.572,0.375-1.227,0.418-2.185 C20.99,14.751,21,14.444,21,12s-0.01-2.751-0.054-3.711c-0.044-0.958-0.196-1.612-0.418-2.185c-0.23-0.592-0.538-1.094-1.038-1.594 c-0.5-0.5-1.002-0.808-1.594-1.038c-0.572-0.222-1.227-0.375-2.185-0.418C14.751,3.01,14.444,3,12,3L12,3z M12,7.378 c-2.552,0-4.622,2.069-4.622,4.622S9.448,16.622,12,16.622s4.622-2.069,4.622-4.622S14.552,7.378,12,7.378z M12,15 c-1.657,0-3-1.343-3-3s1.343-3,3-3s3,1.343,3,3S13.657,15,12,15z M16.804,6.116c-0.596,0-1.08,0.484-1.08,1.08 s0.484,1.08,1.08,1.08c0.596,0,1.08-0.484,1.08-1.08S17.401,6.116,16.804,6.116z\"><\/path><\/svg><span class=\"wp-block-social-link-label screen-reader-text\">Instagram<\/span><\/a><\/li>\n\n<li style=\"color:var(--nv-site-bg);background-color:var(--nv-text-color);\" class=\"wp-social-link wp-social-link-twitter has-nv-site-bg-color has-neve-text-color-background-color wp-block-social-link\"><a rel=\"noopener nofollow\" target=\"_blank\" href=\"https:\/\/twitter.com\/bidergibahceli1?s=08\" class=\"wp-block-social-link-anchor\"><svg width=\"24\" height=\"24\" viewBox=\"0 0 24 24\" version=\"1.1\" xmlns=\"http:\/\/www.w3.org\/2000\/svg\" aria-hidden=\"true\" focusable=\"false\"><path d=\"M22.23,5.924c-0.736,0.326-1.527,0.547-2.357,0.646c0.847-0.508,1.498-1.312,1.804-2.27 c-0.793,0.47-1.671,0.812-2.606,0.996C18.324,4.498,17.257,4,16.077,4c-2.266,0-4.103,1.837-4.103,4.103 c0,0.322,0.036,0.635,0.106,0.935C8.67,8.867,5.647,7.234,3.623,4.751C3.27,5.357,3.067,6.062,3.067,6.814 c0,1.424,0.724,2.679,1.825,3.415c-0.673-0.021-1.305-0.206-1.859-0.513c0,0.017,0,0.034,0,0.052c0,1.988,1.414,3.647,3.292,4.023 c-0.344,0.094-0.707,0.144-1.081,0.144c-0.264,0-0.521-0.026-0.772-0.074c0.522,1.63,2.038,2.816,3.833,2.85 c-1.404,1.1-3.174,1.756-5.096,1.756c-0.331,0-0.658-0.019-0.979-0.057c1.816,1.164,3.973,1.843,6.29,1.843 c7.547,0,11.675-6.252,11.675-11.675c0-0.178-0.004-0.355-0.012-0.531C20.985,7.47,21.68,6.747,22.23,5.924z\"><\/path><\/svg><span class=\"wp-block-social-link-label screen-reader-text\">Twitter<\/span><\/a><\/li>\n\n<li style=\"color:var(--nv-site-bg);background-color:var(--nv-text-color);\" class=\"wp-social-link wp-social-link-youtube has-nv-site-bg-color has-neve-text-color-background-color wp-block-social-link\"><a rel=\"noopener nofollow\" target=\"_blank\" href=\"https:\/\/www.youtube.com\/channel\/UCS__gEul00cqKIwF0OABmgw\" class=\"wp-block-social-link-anchor\"><svg width=\"24\" height=\"24\" viewBox=\"0 0 24 24\" version=\"1.1\" xmlns=\"http:\/\/www.w3.org\/2000\/svg\" aria-hidden=\"true\" focusable=\"false\"><path d=\"M21.8,8.001c0,0-0.195-1.378-0.795-1.985c-0.76-0.797-1.613-0.801-2.004-0.847c-2.799-0.202-6.997-0.202-6.997-0.202 h-0.009c0,0-4.198,0-6.997,0.202C4.608,5.216,3.756,5.22,2.995,6.016C2.395,6.623,2.2,8.001,2.2,8.001S2,9.62,2,11.238v1.517 c0,1.618,0.2,3.237,0.2,3.237s0.195,1.378,0.795,1.985c0.761,0.797,1.76,0.771,2.205,0.855c1.6,0.153,6.8,0.201,6.8,0.201 s4.203-0.006,7.001-0.209c0.391-0.047,1.243-0.051,2.004-0.847c0.6-0.607,0.795-1.985,0.795-1.985s0.2-1.618,0.2-3.237v-1.517 C22,9.62,21.8,8.001,21.8,8.001z M9.935,14.594l-0.001-5.62l5.404,2.82L9.935,14.594z\"><\/path><\/svg><span class=\"wp-block-social-link-label screen-reader-text\">YouTube<\/span><\/a><\/li><\/ul>\n\n\n\n<p><br><br>bidergibahcelievler<\/p>\n<\/div>\n<\/div>\n\n\n\n<hr class=\"wp-block-separator is-style-wide\"\/>\n\n\n\n<div class=\"wp-block-columns is-layout-flex wp-container-core-columns-is-layout-9d6595d7 wp-block-columns-is-layout-flex\">\n<div class=\"wp-block-column is-vertically-aligned-center is-layout-flow wp-block-column-is-layout-flow\">\n<ul class=\"wp-block-social-links alignleft has-icon-color has-icon-background-color is-style-default sosyal-medya-icons is-layout-flex wp-block-social-links-is-layout-flex\"><li style=\"color:var(--nv-site-bg);background-color:var(--nv-text-color);\" class=\"wp-social-link wp-social-link-facebook has-nv-site-bg-color has-neve-text-color-background-color wp-block-social-link\"><a rel=\"noopener nofollow\" target=\"_blank\" href=\"https:\/\/www.facebook.com\/BahcelievlerBelediyesi\" class=\"wp-block-social-link-anchor\"><svg width=\"24\" height=\"24\" viewBox=\"0 0 24 24\" version=\"1.1\" xmlns=\"http:\/\/www.w3.org\/2000\/svg\" aria-hidden=\"true\" focusable=\"false\"><path d=\"M12 2C6.5 2 2 6.5 2 12c0 5 3.7 9.1 8.4 9.9v-7H7.9V12h2.5V9.8c0-2.5 1.5-3.9 3.8-3.9 1.1 0 2.2.2 2.2.2v2.5h-1.3c-1.2 0-1.6.8-1.6 1.6V12h2.8l-.4 2.9h-2.3v7C18.3 21.1 22 17 22 12c0-5.5-4.5-10-10-10z\"><\/path><\/svg><span class=\"wp-block-social-link-label screen-reader-text\">Facebook<\/span><\/a><\/li>\n\n<li style=\"color:var(--nv-site-bg);background-color:var(--nv-text-color);\" class=\"wp-social-link wp-social-link-instagram has-nv-site-bg-color has-neve-text-color-background-color wp-block-social-link\"><a rel=\"noopener nofollow\" target=\"_blank\" href=\"https:\/\/www.instagram.com\/bahcelievlerbelediyesi\/\" class=\"wp-block-social-link-anchor\"><svg width=\"24\" height=\"24\" viewBox=\"0 0 24 24\" version=\"1.1\" xmlns=\"http:\/\/www.w3.org\/2000\/svg\" aria-hidden=\"true\" focusable=\"false\"><path d=\"M12,4.622c2.403,0,2.688,0.009,3.637,0.052c0.877,0.04,1.354,0.187,1.671,0.31c0.42,0.163,0.72,0.358,1.035,0.673 c0.315,0.315,0.51,0.615,0.673,1.035c0.123,0.317,0.27,0.794,0.31,1.671c0.043,0.949,0.052,1.234,0.052,3.637 s-0.009,2.688-0.052,3.637c-0.04,0.877-0.187,1.354-0.31,1.671c-0.163,0.42-0.358,0.72-0.673,1.035 c-0.315,0.315-0.615,0.51-1.035,0.673c-0.317,0.123-0.794,0.27-1.671,0.31c-0.949,0.043-1.233,0.052-3.637,0.052 s-2.688-0.009-3.637-0.052c-0.877-0.04-1.354-0.187-1.671-0.31c-0.42-0.163-0.72-0.358-1.035-0.673 c-0.315-0.315-0.51-0.615-0.673-1.035c-0.123-0.317-0.27-0.794-0.31-1.671C4.631,14.688,4.622,14.403,4.622,12 s0.009-2.688,0.052-3.637c0.04-0.877,0.187-1.354,0.31-1.671c0.163-0.42,0.358-0.72,0.673-1.035 c0.315-0.315,0.615-0.51,1.035-0.673c0.317-0.123,0.794-0.27,1.671-0.31C9.312,4.631,9.597,4.622,12,4.622 M12,3 C9.556,3,9.249,3.01,8.289,3.054C7.331,3.098,6.677,3.25,6.105,3.472C5.513,3.702,5.011,4.01,4.511,4.511 c-0.5,0.5-0.808,1.002-1.038,1.594C3.25,6.677,3.098,7.331,3.054,8.289C3.01,9.249,3,9.556,3,12c0,2.444,0.01,2.751,0.054,3.711 c0.044,0.958,0.196,1.612,0.418,2.185c0.23,0.592,0.538,1.094,1.038,1.594c0.5,0.5,1.002,0.808,1.594,1.038 c0.572,0.222,1.227,0.375,2.185,0.418C9.249,20.99,9.556,21,12,21s2.751-0.01,3.711-0.054c0.958-0.044,1.612-0.196,2.185-0.418 c0.592-0.23,1.094-0.538,1.594-1.038c0.5-0.5,0.808-1.002,1.038-1.594c0.222-0.572,0.375-1.227,0.418-2.185 C20.99,14.751,21,14.444,21,12s-0.01-2.751-0.054-3.711c-0.044-0.958-0.196-1.612-0.418-2.185c-0.23-0.592-0.538-1.094-1.038-1.594 c-0.5-0.5-1.002-0.808-1.594-1.038c-0.572-0.222-1.227-0.375-2.185-0.418C14.751,3.01,14.444,3,12,3L12,3z M12,7.378 c-2.552,0-4.622,2.069-4.622,4.622S9.448,16.622,12,16.622s4.622-2.069,4.622-4.622S14.552,7.378,12,7.378z M12,15 c-1.657,0-3-1.343-3-3s1.343-3,3-3s3,1.343,3,3S13.657,15,12,15z M16.804,6.116c-0.596,0-1.08,0.484-1.08,1.08 s0.484,1.08,1.08,1.08c0.596,0,1.08-0.484,1.08-1.08S17.401,6.116,16.804,6.116z\"><\/path><\/svg><span class=\"wp-block-social-link-label screen-reader-text\">Instagram<\/span><\/a><\/li>\n\n<li style=\"color:var(--nv-site-bg);background-color:var(--nv-text-color);\" class=\"wp-social-link wp-social-link-twitter has-nv-site-bg-color has-neve-text-color-background-color wp-block-social-link\"><a rel=\"noopener nofollow\" target=\"_blank\" href=\"https:\/\/twitter.com\/BahcelievlerBel\" class=\"wp-block-social-link-anchor\"><svg width=\"24\" height=\"24\" viewBox=\"0 0 24 24\" version=\"1.1\" xmlns=\"http:\/\/www.w3.org\/2000\/svg\" aria-hidden=\"true\" focusable=\"false\"><path d=\"M22.23,5.924c-0.736,0.326-1.527,0.547-2.357,0.646c0.847-0.508,1.498-1.312,1.804-2.27 c-0.793,0.47-1.671,0.812-2.606,0.996C18.324,4.498,17.257,4,16.077,4c-2.266,0-4.103,1.837-4.103,4.103 c0,0.322,0.036,0.635,0.106,0.935C8.67,8.867,5.647,7.234,3.623,4.751C3.27,5.357,3.067,6.062,3.067,6.814 c0,1.424,0.724,2.679,1.825,3.415c-0.673-0.021-1.305-0.206-1.859-0.513c0,0.017,0,0.034,0,0.052c0,1.988,1.414,3.647,3.292,4.023 c-0.344,0.094-0.707,0.144-1.081,0.144c-0.264,0-0.521-0.026-0.772-0.074c0.522,1.63,2.038,2.816,3.833,2.85 c-1.404,1.1-3.174,1.756-5.096,1.756c-0.331,0-0.658-0.019-0.979-0.057c1.816,1.164,3.973,1.843,6.29,1.843 c7.547,0,11.675-6.252,11.675-11.675c0-0.178-0.004-0.355-0.012-0.531C20.985,7.47,21.68,6.747,22.23,5.924z\"><\/path><\/svg><span class=\"wp-block-social-link-label screen-reader-text\">Twitter<\/span><\/a><\/li>\n\n<li style=\"color:var(--nv-site-bg);background-color:var(--nv-text-color);\" class=\"wp-social-link wp-social-link-youtube has-nv-site-bg-color has-neve-text-color-background-color wp-block-social-link\"><a rel=\"noopener nofollow\" target=\"_blank\" href=\"https:\/\/www.youtube.com\/user\/BahcelievlerBel\" class=\"wp-block-social-link-anchor\"><svg width=\"24\" height=\"24\" viewBox=\"0 0 24 24\" version=\"1.1\" xmlns=\"http:\/\/www.w3.org\/2000\/svg\" aria-hidden=\"true\" focusable=\"false\"><path d=\"M21.8,8.001c0,0-0.195-1.378-0.795-1.985c-0.76-0.797-1.613-0.801-2.004-0.847c-2.799-0.202-6.997-0.202-6.997-0.202 h-0.009c0,0-4.198,0-6.997,0.202C4.608,5.216,3.756,5.22,2.995,6.016C2.395,6.623,2.2,8.001,2.2,8.001S2,9.62,2,11.238v1.517 c0,1.618,0.2,3.237,0.2,3.237s0.195,1.378,0.795,1.985c0.761,0.797,1.76,0.771,2.205,0.855c1.6,0.153,6.8,0.201,6.8,0.201 s4.203-0.006,7.001-0.209c0.391-0.047,1.243-0.051,2.004-0.847c0.6-0.607,0.795-1.985,0.795-1.985s0.2-1.618,0.2-3.237v-1.517 C22,9.62,21.8,8.001,21.8,8.001z M9.935,14.594l-0.001-5.62l5.404,2.82L9.935,14.594z\"><\/path><\/svg><span class=\"wp-block-social-link-label screen-reader-text\">YouTube<\/span><\/a><\/li><\/ul>\n\n\n\n<p><br><br>BahcelievlerBelediye<\/p>\n<\/div>\n<\/div>\n\n\n\n<p class=\"has-text-align-left\">       <a rel=\"noreferrer noopener\" href=\"https:\/\/www.bahcelievler.istanbul\" data-type=\"URL\" data-id=\"https:\/\/www.bahcelievler.istanbul\" target=\"_blank\"><span class=\"has-inline-color has-neve-text-color-color\">www.bahcelievler.istanbul<\/span><\/a><\/p>\n<\/div>\n<\/div>\n\n\n\n<div class=\"wp-block-columns is-layout-flex wp-container-core-columns-is-layout-9d6595d7 wp-block-columns-is-layout-flex\">\n<div class=\"wp-block-column iletisim-baslik is-layout-flow wp-block-column-is-layout-flow\">\n<hr class=\"wp-block-separator is-style-wide\"\/>\n<\/div>\n<\/div>\n","protected":false},"excerpt":{"rendered":"<p>\u0130leti\u015fim \u0130MT\u0130YAZ SAH\u0130B\u0130Bah\u00e7elievler Belediyesi Ad\u0131naDr. Hakan Bahad\u0131r GENEL YAYIN Y\u00d6NETMEN\u0130Vehbi G\u00fcle\u015f SORUMLU YAZI \u0130\u015eLER\u0130 M\u00dcD\u00dcR\u00dcSinan Ayd\u0131n DANI\u015eMA KURULUDo\u00e7.Dr. \u0130smail \u00c7a\u011flarDo\u00e7.Dr. Yusuf \u00d6zk\u0131rDo\u00e7.Dr. H\u00fcseyin AlptekinDr. Murat Karaca BELED\u0130YE HABER VE FOTO\u011eRAFLARBah\u00e7elievler Belediye Bas\u0131n B\u00fcrosu HAZIRLIKAdvertica Creativeinfo@advertika.com.tr0212 210 22 90 Yerel s\u00fcresiz yay\u0131nd\u0131r. \u00dccretsizdir. \u0130LET\u0130\u015e\u0130MBah\u00e7elievler BelediyesiBarbaros Cd. No:9 \u015eirinevler MahallesiBah\u00e7elievler- \u0130stanbul 444 0 311 bidergibahcelievler@gmail.com \u00a9 \u0130lk&hellip;&nbsp;<a href=\"https:\/\/bidergi.bahcelievler.istanbul\/?page_id=37\" class=\"\" rel=\"bookmark\">Daha fazlas\u0131n\u0131 oku &raquo;<span class=\"screen-reader-text\">\u0130leti\u015fim<\/span><\/a><\/p>\n","protected":false},"author":1,"featured_media":133,"parent":0,"menu_order":0,"comment_status":"closed","ping_status":"closed","template":"page-templates\/template-pagebuilder-full-width.php","meta":{"neve_meta_sidebar":"","neve_meta_container":"","neve_meta_enable_content_width":"","neve_meta_content_width":0,"neve_meta_title_alignment":"","neve_meta_author_avatar":"","neve_post_elements_order":"","neve_meta_disable_header":"","neve_meta_disable_footer":"","neve_meta_disable_title":"","footnotes":""},"class_list":["post-37","page","type-page","status-publish","has-post-thumbnail","hentry"],"_links":{"self":[{"href":"https:\/\/bidergi.bahcelievler.istanbul\/index.php?rest_route=\/wp\/v2\/pages\/37","targetHints":{"allow":["GET"]}}],"collection":[{"href":"https:\/\/bidergi.bahcelievler.istanbul\/index.php?rest_route=\/wp\/v2\/pages"}],"about":[{"href":"https:\/\/bidergi.bahcelievler.istanbul\/index.php?rest_route=\/wp\/v2\/types\/page"}],"author":[{"embeddable":true,"href":"https:\/\/bidergi.bahcelievler.istanbul\/index.php?rest_route=\/wp\/v2\/users\/1"}],"replies":[{"embeddable":true,"href":"https:\/\/bidergi.bahcelievler.istanbul\/index.php?rest_route=%2Fwp%2Fv2%2Fcomments&post=37"}],"version-history":[{"count":72,"href":"https:\/\/bidergi.bahcelievler.istanbul\/index.php?rest_route=\/wp\/v2\/pages\/37\/revisions"}],"predecessor-version":[{"id":590,"href":"https:\/\/bidergi.bahcelievler.istanbul\/index.php?rest_route=\/wp\/v2\/pages\/37\/revisions\/590"}],"wp:featuredmedia":[{"embeddable":true,"href":"https:\/\/bidergi.bahcelievler.istanbul\/index.php?rest_route=\/wp\/v2\/media\/133"}],"wp:attachment":[{"href":"https:\/\/bidergi.bahcelievler.istanbul\/index.php?rest_route=%2Fwp%2Fv2%2Fmedia&parent=37"}],"curies":[{"name":"wp","href":"https:\/\/api.w.org\/{rel}","templated":true}]}}